{"id":2011,"date":"2018-05-29T11:11:20","date_gmt":"2018-05-29T11:11:20","guid":{"rendered":"https:\/\/plasticom.si\/o-podjetju\/"},"modified":"2021-09-01T14:06:17","modified_gmt":"2021-09-01T13:06:17","slug":"about-us","status":"publish","type":"page","link":"https:\/\/plasticom.si\/en\/about-us\/","title":{"rendered":"About us"},"content":{"rendered":"<div class=\"wpb-content-wrapper\"><p>[vc_row][vc_column]<div class=\"cz_gap clr  hide_on_mobile\" style=\"height: 70px\"><\/div><div class=\"cz_gap show_on_mobile clr\" style=\"height: 0px\"><\/div>[\/vc_column][\/vc_row][vc_row][vc_column offset=&#8221;vc_col-md-6&#8243;]<div class=\"cz_gap clr  hide_on_mobile\" style=\"height: 0px\"><\/div><div class=\"cz_gap show_on_mobile clr\" style=\"height: 0px\"><\/div><div id=\"cz_14661\" class=\"cz_14661 cz_title clr cz_mobile_text_center cz_title_pos_inline\"><div class=\"cz_title_content\"><div class=\"cz_wpe_content\"><p><span style=\"color: #666666; font-size: 22px;\">WHAT WE DO<\/span><\/p>\n<h2>ABOUT THE COMPANY<\/h2>\n<\/div><\/div><\/div><div class=\"cz_gap clr \" style=\"height: 30px\"><\/div><div id=\"cz_51210\" class=\"cz_51210 cz_title clr cz_mobile_text_center cz_title_pos_inline\"><div class=\"cz_title_content\"><div class=\"cz_wpe_content\"><p>We provide tooling and plastic injection in one location, which reduces production costs, eliminates the need for tool corrections, and allows for the smooth operation of production because we quickly eliminate any problems.<\/p>\n<p>Our top priorities are quality and meeting agreed-upon deadlines. Tool making and plastic injection are demanding processes that necessitate the services of Plasticom&#8217;s experienced and professional team.<\/p>\n<\/div><\/div><\/div><div class=\"cz_gap clr  hide_on_mobile\" style=\"height: 30px\"><\/div><div class=\"cz_gap show_on_mobile clr\" style=\"height: 0px\"><\/div><ul id=\"cz_37031\" class=\"cz_37031 cz_stylish_list clr cz_sl_icon_hover_zoom_in\"><li class=\"clr\"><div class=\"cz_sl_icon\"><i class=\"fa czico-074-tick-inside-circle mr10\" ><\/i><\/div><div><span>Quality<\/span><\/div><\/li><li class=\"clr\"><div class=\"cz_sl_icon\"><i class=\"fa czico-074-tick-inside-circle mr10\" ><\/i><\/div><div><span>Accuracy and precision<\/span><\/div><\/li><li class=\"clr\"><div class=\"cz_sl_icon\"><i class=\"fa czico-074-tick-inside-circle mr10\" ><\/i><\/div><div><span>Experience<\/span><\/div><\/li><li class=\"clr\"><div class=\"cz_sl_icon\"><i class=\"fa czico-074-tick-inside-circle mr10\" ><\/i><\/div><div><span>Reliability<\/span><\/div><\/li><\/ul><div class=\"cz_gap clr  hide_on_mobile\" style=\"height: 90px\"><\/div><div class=\"cz_gap show_on_mobile clr\" style=\"height: 0px\"><\/div>[\/vc_column][vc_column offset=&#8221;vc_hidden-lg vc_col-md-6 vc_hidden-md vc_hidden-sm vc_hidden-xs&#8221;]<div id=\"cz_69163\" class=\"cz_grid_p cz_69163\"><div class=\"cz_grid cz_grid_1 clr cz_grid_c2 cz_grid_1_no_title cz_grid_1_mid tac cz_tooltip cz_grid_1_no_title\"><div class=\"cz_grid_item cz_grid_first\"><\/div><div class=\"cz_grid_item \"><div data-title=\"f4\"><a class=\"cz_grid_link \" href=\"https:\/\/plasticom.si\/wp-content\/uploads\/2019\/09\/f4.jpg\" data-xtra-lightbox><img loading=\"lazy\" decoding=\"async\" width=\"400\" height=\"550\" src=\"https:\/\/plasticom.si\/wp-content\/uploads\/2019\/09\/f4.jpg\" class=\"attachment-codevz_600_600\" alt=\"\" title=\"f4\" srcset=\"https:\/\/plasticom.si\/wp-content\/uploads\/2019\/09\/f4.jpg 400w, https:\/\/plasticom.si\/wp-content\/uploads\/2019\/09\/f4-218x300.jpg 218w\" sizes=\"auto, (max-width: 400px) 100vw, 400px\" \/><div class=\"cz_grid_details\"><i class=\"fa czico-117-web cz_grid_icon\"><\/i><\/div><\/a><\/div><\/div><div class=\"cz_grid_item \"><div data-title=\"f7\"><a class=\"cz_grid_link \" href=\"https:\/\/plasticom.si\/wp-content\/uploads\/2019\/09\/f7.jpg\" data-xtra-lightbox><img loading=\"lazy\" decoding=\"async\" width=\"400\" height=\"550\" src=\"https:\/\/plasticom.si\/wp-content\/uploads\/2019\/09\/f7.jpg\" class=\"attachment-codevz_600_600\" alt=\"\" title=\"f7\" srcset=\"https:\/\/plasticom.si\/wp-content\/uploads\/2019\/09\/f7.jpg 400w, https:\/\/plasticom.si\/wp-content\/uploads\/2019\/09\/f7-218x300.jpg 218w\" sizes=\"auto, (max-width: 400px) 100vw, 400px\" \/><div class=\"cz_grid_details\"><i class=\"fa czico-117-web cz_grid_icon\"><\/i><\/div><\/a><\/div><\/div><\/div><\/div>[\/vc_column][\/vc_row]<\/p>\n<\/div>","protected":false},"excerpt":{"rendered":"<p>[vc_row][vc_column][\/vc_column][\/vc_row][vc_row][vc_column offset=&#8221;vc_col-md-6&#8243;][\/vc_column][vc_column offset=&#8221;vc_hidden-lg vc_col-md-6 vc_hidden-md vc_hidden-sm vc_hidden-xs&#8221;][\/vc_column][\/vc_row] &#8230; <\/p>\n","protected":false},"author":1,"featured_media":0,"parent":0,"menu_order":0,"comment_status":"closed","ping_status":"closed","template":"","meta":{"footnotes":""},"class_list":["post-2011","page","type-page","status-publish","hentry"],"yoast_head":"<!-- This site is optimized with the Yoast SEO plugin v26.5 - https:\/\/yoast.com\/wordpress\/plugins\/seo\/ -->\n<title>About us - Plasticom<\/title>\n<meta name=\"robots\" content=\"index, follow, max-snippet:-1, max-image-preview:large, max-video-preview:-1\" \/>\n<link rel=\"canonical\" href=\"https:\/\/plasticom.si\/en\/about-us\/\" \/>\n<meta property=\"og:locale\" content=\"en_US\" \/>\n<meta property=\"og:type\" content=\"article\" \/>\n<meta property=\"og:title\" content=\"About us - Plasticom\" \/>\n<meta property=\"og:description\" content=\"[vc_row][vc_column][\/vc_column][\/vc_row][vc_row][vc_column offset=&#8221;vc_col-md-6&#8243;][\/vc_column][vc_column offset=&#8221;vc_hidden-lg vc_col-md-6 vc_hidden-md vc_hidden-sm vc_hidden-xs&#8221;][\/vc_column][\/vc_row] ...\" \/>\n<meta property=\"og:url\" content=\"https:\/\/plasticom.si\/en\/about-us\/\" \/>\n<meta property=\"og:site_name\" content=\"Plasticom\" \/>\n<meta property=\"article:modified_time\" content=\"2021-09-01T13:06:17+00:00\" \/>\n<meta name=\"twitter:card\" content=\"summary_large_image\" \/>\n<meta name=\"twitter:label1\" content=\"Est. reading time\" \/>\n\t<meta name=\"twitter:data1\" content=\"1 minute\" \/>\n<script type=\"application\/ld+json\" class=\"yoast-schema-graph\">{\"@context\":\"https:\/\/schema.org\",\"@graph\":[{\"@type\":\"WebPage\",\"@id\":\"https:\/\/plasticom.si\/en\/about-us\/\",\"url\":\"https:\/\/plasticom.si\/en\/about-us\/\",\"name\":\"About us - Plasticom\",\"isPartOf\":{\"@id\":\"https:\/\/plasticom.si\/en\/#website\"},\"datePublished\":\"2018-05-29T11:11:20+00:00\",\"dateModified\":\"2021-09-01T13:06:17+00:00\",\"breadcrumb\":{\"@id\":\"https:\/\/plasticom.si\/en\/about-us\/#breadcrumb\"},\"inLanguage\":\"en-US\",\"potentialAction\":[{\"@type\":\"ReadAction\",\"target\":[\"https:\/\/plasticom.si\/en\/about-us\/\"]}]},{\"@type\":\"BreadcrumbList\",\"@id\":\"https:\/\/plasticom.si\/en\/about-us\/#breadcrumb\",\"itemListElement\":[{\"@type\":\"ListItem\",\"position\":1,\"name\":\"Home\",\"item\":\"https:\/\/plasticom.si\/en\/\"},{\"@type\":\"ListItem\",\"position\":2,\"name\":\"About us\"}]},{\"@type\":\"WebSite\",\"@id\":\"https:\/\/plasticom.si\/en\/#website\",\"url\":\"https:\/\/plasticom.si\/en\/\",\"name\":\"Plasticom\",\"description\":\"\u0160e eno spleti\u0161\u010de WordPress\",\"potentialAction\":[{\"@type\":\"SearchAction\",\"target\":{\"@type\":\"EntryPoint\",\"urlTemplate\":\"https:\/\/plasticom.si\/en\/?s={search_term_string}\"},\"query-input\":{\"@type\":\"PropertyValueSpecification\",\"valueRequired\":true,\"valueName\":\"search_term_string\"}}],\"inLanguage\":\"en-US\"}]}<\/script>\n<!-- \/ Yoast SEO plugin. -->","yoast_head_json":{"title":"About us - Plasticom","robots":{"index":"index","follow":"follow","max-snippet":"max-snippet:-1","max-image-preview":"max-image-preview:large","max-video-preview":"max-video-preview:-1"},"canonical":"https:\/\/plasticom.si\/en\/about-us\/","og_locale":"en_US","og_type":"article","og_title":"About us - Plasticom","og_description":"[vc_row][vc_column][\/vc_column][\/vc_row][vc_row][vc_column offset=&#8221;vc_col-md-6&#8243;][\/vc_column][vc_column offset=&#8221;vc_hidden-lg vc_col-md-6 vc_hidden-md vc_hidden-sm vc_hidden-xs&#8221;][\/vc_column][\/vc_row] ...","og_url":"https:\/\/plasticom.si\/en\/about-us\/","og_site_name":"Plasticom","article_modified_time":"2021-09-01T13:06:17+00:00","twitter_card":"summary_large_image","twitter_misc":{"Est. reading time":"1 minute"},"schema":{"@context":"https:\/\/schema.org","@graph":[{"@type":"WebPage","@id":"https:\/\/plasticom.si\/en\/about-us\/","url":"https:\/\/plasticom.si\/en\/about-us\/","name":"About us - Plasticom","isPartOf":{"@id":"https:\/\/plasticom.si\/en\/#website"},"datePublished":"2018-05-29T11:11:20+00:00","dateModified":"2021-09-01T13:06:17+00:00","breadcrumb":{"@id":"https:\/\/plasticom.si\/en\/about-us\/#breadcrumb"},"inLanguage":"en-US","potentialAction":[{"@type":"ReadAction","target":["https:\/\/plasticom.si\/en\/about-us\/"]}]},{"@type":"BreadcrumbList","@id":"https:\/\/plasticom.si\/en\/about-us\/#breadcrumb","itemListElement":[{"@type":"ListItem","position":1,"name":"Home","item":"https:\/\/plasticom.si\/en\/"},{"@type":"ListItem","position":2,"name":"About us"}]},{"@type":"WebSite","@id":"https:\/\/plasticom.si\/en\/#website","url":"https:\/\/plasticom.si\/en\/","name":"Plasticom","description":"\u0160e eno spleti\u0161\u010de WordPress","potentialAction":[{"@type":"SearchAction","target":{"@type":"EntryPoint","urlTemplate":"https:\/\/plasticom.si\/en\/?s={search_term_string}"},"query-input":{"@type":"PropertyValueSpecification","valueRequired":true,"valueName":"search_term_string"}}],"inLanguage":"en-US"}]}},"_links":{"self":[{"href":"https:\/\/plasticom.si\/en\/wp-json\/wp\/v2\/pages\/2011","targetHints":{"allow":["GET"]}}],"collection":[{"href":"https:\/\/plasticom.si\/en\/wp-json\/wp\/v2\/pages"}],"about":[{"href":"https:\/\/plasticom.si\/en\/wp-json\/wp\/v2\/types\/page"}],"author":[{"embeddable":true,"href":"https:\/\/plasticom.si\/en\/wp-json\/wp\/v2\/users\/1"}],"replies":[{"embeddable":true,"href":"https:\/\/plasticom.si\/en\/wp-json\/wp\/v2\/comments?post=2011"}],"version-history":[{"count":3,"href":"https:\/\/plasticom.si\/en\/wp-json\/wp\/v2\/pages\/2011\/revisions"}],"predecessor-version":[{"id":2066,"href":"https:\/\/plasticom.si\/en\/wp-json\/wp\/v2\/pages\/2011\/revisions\/2066"}],"wp:attachment":[{"href":"https:\/\/plasticom.si\/en\/wp-json\/wp\/v2\/media?parent=2011"}],"curies":[{"name":"wp","href":"https:\/\/api.w.org\/{rel}","templated":true}]}}